{"id":75,"date":"2026-03-11T14:26:24","date_gmt":"2026-03-11T14:26:24","guid":{"rendered":"https:\/\/museum.wiserighteous.org\/?page_id=75"},"modified":"2026-04-19T23:41:25","modified_gmt":"2026-04-19T23:41:25","slug":"collections","status":"publish","type":"page","link":"https:\/\/museum.wiserighteous.org\/index.php\/collections\/","title":{"rendered":"Collections"},"content":{"rendered":"\n<h4 class=\"wp-block-heading\">Explore the Museum<\/h4>\n\n\n\n<p>The Righteousness Museum presents stories of individuals and events that demonstrate moral courage, integrity, and the pursuit of justice. Across cultures and centuries, people have stood for what is right, often at great personal cost.<\/p>\n\n\n\n<p>Explore the museum through three major categories: <strong>Global Figures of Righteousness<\/strong>, <strong>Historical Events of Righteousness<\/strong>, and <strong>Modern Righteousness in Action<\/strong>. Each section highlights powerful examples of ethical leadership and principled action that continue to inspire the world today.<\/p>\n\n\n\n<figure class=\"wp-block-image aligncenter size-large is-resized\"><img loading=\"lazy\" decoding=\"async\" width=\"1024\" height=\"768\" src=\"https:\/\/museum.wiserighteous.org\/wp-content\/uploads\/2026\/03\/ChatGPT-Image-Mar-22-2026-10_53_32-PM-1024x768.png\" alt=\"\" class=\"wp-image-461\" style=\"width:496px;height:auto\" srcset=\"https:\/\/museum.wiserighteous.org\/wp-content\/uploads\/2026\/03\/ChatGPT-Image-Mar-22-2026-10_53_32-PM-1024x768.png 1024w, https:\/\/museum.wiserighteous.org\/wp-content\/uploads\/2026\/03\/ChatGPT-Image-Mar-22-2026-10_53_32-PM-300x225.png 300w, https:\/\/museum.wiserighteous.org\/wp-content\/uploads\/2026\/03\/ChatGPT-Image-Mar-22-2026-10_53_32-PM-768x576.png 768w, https:\/\/museum.wiserighteous.org\/wp-content\/uploads\/2026\/03\/ChatGPT-Image-Mar-22-2026-10_53_32-PM.png 1365w\" sizes=\"auto, (max-width: 1024px) 100vw, 1024px\" \/><\/figure>\n\n\n\n<hr class=\"wp-block-separator has-alpha-channel-opacity\"\/>\n\n\n\n<h1 class=\"wp-block-heading\">1. Global Figures of Righteousness Hall<\/h1>\n\n\n\n<p>Throughout history, individuals from many cultures have demonstrated extraordinary commitment to truth, justice, and moral responsibility. Their courage and integrity shaped societies and inspired future generations to stand for what is right.<\/p>\n\n\n\n<ul class=\"wp-block-list\">\n<li><a href=\"https:\/\/museum.wiserighteous.org\/index.php\/george-washington\/\" data-type=\"page\" data-id=\"107\">George Washington<\/a> \u2014 United States (1732\u20131799)<\/li>\n\n\n\n<li><a href=\"https:\/\/museum.wiserighteous.org\/index.php\/abraham-lincoln\/\" data-type=\"page\" data-id=\"114\">Abraham Lincoln<\/a> \u2014 United States (1809\u20131865)<\/li>\n\n\n\n<li><a href=\"https:\/\/museum.wiserighteous.org\/index.php\/wen-tianxiang\/\" data-type=\"page\" data-id=\"121\">Wen Tianxiang<\/a> \u2014 China (1236\u20131283)<\/li>\n\n\n\n<li><a href=\"https:\/\/museum.wiserighteous.org\/index.php\/bao-zheng\/\" data-type=\"page\" data-id=\"128\">Bao Zheng<\/a> \u2014 China (999\u20131062)<\/li>\n\n\n\n<li><a href=\"https:\/\/museum.wiserighteous.org\/index.php\/william-wilberforce\/\" data-type=\"page\" data-id=\"134\">William Wilberforce<\/a> \u2014 United Kingdom (1759\u20131833)<\/li>\n\n\n\n<li><a href=\"https:\/\/museum.wiserighteous.org\/index.php\/emmeline-pankhurst\/\" data-type=\"page\" data-id=\"143\">Emmeline Pankhurst<\/a> \u2014 United Kingdom (1858\u20131928)<\/li>\n\n\n\n<li><a href=\"https:\/\/museum.wiserighteous.org\/index.php\/emile-zola\/\" data-type=\"page\" data-id=\"151\">\u00c9mile Zola<\/a> \u2014 France (1840\u20131902)<\/li>\n\n\n\n<li><a href=\"https:\/\/museum.wiserighteous.org\/index.php\/jean-moulin\/\" data-type=\"page\" data-id=\"156\">Jean Moulin<\/a> \u2014 France (1899\u20131943)<\/li>\n\n\n\n<li><a href=\"https:\/\/museum.wiserighteous.org\/index.php\/dietrich-bonhoeffer\/\" data-type=\"page\" data-id=\"162\">Dietrich Bonhoeffer<\/a> \u2014 Germany (1906\u20131945)<\/li>\n\n\n\n<li><a href=\"https:\/\/museum.wiserighteous.org\/index.php\/oskar-schindler\/\" data-type=\"page\" data-id=\"168\">Oskar Schindler<\/a> \u2014 Germany (1908\u20131974)<\/li>\n\n\n\n<li><a href=\"https:\/\/museum.wiserighteous.org\/index.php\/chiune-sugihara\/\" data-type=\"page\" data-id=\"193\">Chiune Sugihara<\/a> \u2014 Japan (1900\u20131986)<\/li>\n\n\n\n<li><a href=\"https:\/\/museum.wiserighteous.org\/index.php\/yamato-takeru\/\" data-type=\"page\" data-id=\"199\">Yamato Takeru<\/a> \u2014 Japan (77\u2013111)<\/li>\n\n\n\n<li><a href=\"https:\/\/museum.wiserighteous.org\/index.php\/vladimir-i-of-kiev\/\" data-type=\"page\" data-id=\"206\">Vladimir I of Kiev<\/a> \u2014 Kievan Rus (958\u20131015)<\/li>\n\n\n\n<li><a href=\"https:\/\/museum.wiserighteous.org\/index.php\/mahatma-gandhi\/\" data-type=\"page\" data-id=\"212\">Mahatma Gandhi<\/a> \u2014 India (1869\u20131948)<\/li>\n\n\n\n<li><a href=\"https:\/\/museum.wiserighteous.org\/index.php\/mother-teresa\/\" data-type=\"page\" data-id=\"216\">Mother Teresa<\/a> \u2014 India (1910\u20131997)<\/li>\n\n\n\n<li><a href=\"https:\/\/museum.wiserighteous.org\/index.php\/nelson-mandela\/\" data-type=\"page\" data-id=\"242\">Nelson Mandela<\/a> \u2014 South Africa (1918\u20132013)<\/li>\n\n\n\n<li><a href=\"https:\/\/museum.wiserighteous.org\/index.php\/jan-karski\/\" data-type=\"page\" data-id=\"250\">Jan Karski<\/a> \u2014 Poland (1914\u20132000)<\/li>\n\n\n\n<li><a href=\"https:\/\/museum.wiserighteous.org\/index.php\/oscar-romero\/\" data-type=\"page\" data-id=\"258\">\u00d3scar Romero<\/a> \u2014 El Salvador (1917\u20131980)<\/li>\n\n\n\n<li><a href=\"https:\/\/museum.wiserighteous.org\/index.php\/juan-jose-gerardi-conedera\/\" data-type=\"page\" data-id=\"265\">Juan Jos\u00e9 Gerardi Conedera<\/a> \u2014 Guatemala (1922\u20131998)<\/li>\n\n\n\n<li><a href=\"https:\/\/museum.wiserighteous.org\/index.php\/miguel-hidalgo-y-costilla\/\" data-type=\"page\" data-id=\"272\">Miguel Hidalgo y Costilla<\/a> \u2014 Mexico (1753\u20131811)<\/li>\n\n\n\n<li><a href=\"https:\/\/museum.wiserighteous.org\/index.php\/titus-brandsma\/\" data-type=\"page\" data-id=\"222\">Titus Brandsma<\/a> \u2014 Netherlands (1881\u20131942)<\/li>\n<\/ul>\n\n\n\n<h3 class=\"wp-block-heading\">Biblical Figures of Righteousness<\/h3>\n\n\n\n<ul class=\"wp-block-list\">\n<li><a href=\"https:\/\/museum.wiserighteous.org\/index.php\/jesus-christ\/\" data-type=\"page\" data-id=\"277\">Jesus Christ<\/a> \u2014 Judea (c. 6 BC\u201333 AD)<\/li>\n\n\n\n<li><a href=\"https:\/\/museum.wiserighteous.org\/index.php\/elijah\/\" data-type=\"page\" data-id=\"282\">Elijah<\/a> \u2014 Israel (9th century BC)<\/li>\n\n\n\n<li><a href=\"https:\/\/museum.wiserighteous.org\/index.php\/jeremiah\/\" data-type=\"page\" data-id=\"289\">Jeremiah<\/a> \u2014 Judah (c. 650\u2013570 BC)<\/li>\n<\/ul>\n\n\n\n<hr class=\"wp-block-separator has-alpha-channel-opacity\"\/>\n\n\n\n<h1 class=\"wp-block-heading\">2. Historical Events of Righteousness Hall<\/h1>\n\n\n\n<p>Certain moments in history demonstrate the power of moral conviction to transform societies and defend human dignity.<\/p>\n\n\n\n<ul class=\"wp-block-list\">\n<li><a href=\"https:\/\/museum.wiserighteous.org\/index.php\/event-abolition-of-the-slave-trade-act-1807\/\" data-type=\"page\" data-id=\"348\">Abolition of the Slave Trade Act 1807<\/a> \u2014 United Kingdom (1807)<br>A landmark moral victory that ended the British transatlantic slave trade and helped inspire global movements to abolish slavery.<\/li>\n\n\n\n<li><a href=\"https:\/\/museum.wiserighteous.org\/index.php\/event-civil-rights-movement\/\" data-type=\"page\" data-id=\"354\">Civil Rights Movement<\/a> \u2014 United States (1954\u20131968)<br>A transformative movement that challenged racial segregation and discrimination through peaceful protest, legal reform, and moral leadership.<\/li>\n\n\n\n<li><a href=\"https:\/\/museum.wiserighteous.org\/index.php\/event-fall-of-apartheid\/\" data-type=\"page\" data-id=\"351\">Fall of Apartheid<\/a> \u2014 South Africa (1990\u20131994)<br>The dismantling of South Africa\u2019s racial segregation system and the peaceful transition to democracy led by figures such as Nelson Mandela.<\/li>\n<\/ul>\n\n\n\n<hr class=\"wp-block-separator has-alpha-channel-opacity\"\/>\n\n\n\n<h1 class=\"wp-block-heading\">3. Modern Righteousness in Action Hall<\/h1>\n\n\n\n<p>Righteousness is not only part of the past. Around the world today, individuals continue to defend justice, human dignity, and freedom in the face of oppression and adversity.<\/p>\n\n\n\n<ul class=\"wp-block-list\">\n<li><a href=\"https:\/\/museum.wiserighteous.org\/index.php\/boris-nemtsov\/\" data-type=\"page\" data-id=\"295\">Boris Nemtsov<\/a> \u2014 Russia (1959\u20132015)<\/li>\n\n\n\n<li><a href=\"https:\/\/museum.wiserighteous.org\/index.php\/aung-san-suu-kyi\/\" data-type=\"page\" data-id=\"302\">Aung San Suu Kyi<\/a> \u2014 Myanmar (1945\u2013 )<\/li>\n\n\n\n<li><a href=\"https:\/\/museum.wiserighteous.org\/index.php\/nadia-murad-2\/\" data-type=\"page\" data-id=\"314\">Nadia Murad<\/a> \u2014 Iraq (1993\u2013 )<\/li>\n\n\n\n<li><a href=\"https:\/\/museum.wiserighteous.org\/index.php\/narges-mohammadi-2\/\" data-type=\"page\" data-id=\"318\">Narges Mohammadi<\/a> \u2014 Iran (1972\u2013 )<\/li>\n\n\n\n<li><a href=\"https:\/\/museum.wiserighteous.org\/index.php\/leopoldo-lopez-2\/\" data-type=\"page\" data-id=\"325\">Leopoldo L\u00f3pez<\/a> \u2014 Venezuela (1971\u2013 )<\/li>\n\n\n\n<li><a href=\"https:\/\/museum.wiserighteous.org\/index.php\/raif-badawi-2\/\" data-type=\"page\" data-id=\"331\">Raif Badawi<\/a> \u2014 Saudi Arabia (1984\u2013 )<\/li>\n\n\n\n<li><a href=\"https:\/\/museum.wiserighteous.org\/index.php\/muhammad-yunus\/\" data-type=\"page\" data-id=\"335\">Muhammad Yunus<\/a> \u2014 Bangladesh (1940\u2013 )<\/li>\n\n\n\n<li><a href=\"https:\/\/museum.wiserighteous.org\/index.php\/wangari-maathai\/\" data-type=\"page\" data-id=\"338\">Wangari Maathai<\/a> \u2014 Kenya (1940\u20132011)<\/li>\n\n\n\n<li><a href=\"https:\/\/museum.wiserighteous.org\/index.php\/alaa-abd-el-fattah\/\" data-type=\"page\" data-id=\"341\">Alaa Abd El-Fattah<\/a> \u2014 Egypt (1981\u2013 )<\/li>\n<\/ul>\n\n\n\n<h1 class=\"wp-block-heading\">4. WiseRighteous Nature Hall<\/h1>\n\n\n\n<p>This hall collects and exhibits creatures\u2014animals, plants, insects, etc.\u2014to display their wise and righteous behaviors, from which human beings can learn and reflect from them.<\/p>\n\n\n\n<ul class=\"wp-block-list\">\n<li><a href=\"https:\/\/museum.wiserighteous.org\/index.php\/dove\/\" data-type=\"page\" data-id=\"766\">Dove <\/a>(Animal)<\/li>\n\n\n\n<li><a href=\"https:\/\/museum.wiserighteous.org\/index.php\/rock-badger\/\" data-type=\"page\" data-id=\"663\">Rock Badger<\/a> (Animal)<\/li>\n\n\n\n<li><a href=\"https:\/\/museum.wiserighteous.org\/index.php\/lion\/\" data-type=\"page\" data-id=\"738\">Lion<\/a> (Animal)<\/li>\n\n\n\n<li><a href=\"https:\/\/museum.wiserighteous.org\/index.php\/donkey\/\" data-type=\"page\" data-id=\"747\">Donkey<\/a> (Animal)<\/li>\n\n\n\n<li><a href=\"https:\/\/museum.wiserighteous.org\/index.php\/olive-tree\/\" data-type=\"page\" data-id=\"758\">Olive Tree <\/a>(Plant)<\/li>\n<\/ul>\n\n\n\n<h1 class=\"wp-block-heading\">5. Breastplate of Righteousness Hall<\/h1>\n\n\n\n<p>Drawing from Ephesians 6, this hall explores the breastplate of righteousness\u2014the divine armor that guards the believer&#8217;s heart.<\/p>\n\n\n\n<ul class=\"wp-block-list\">\n<li><strong><a href=\"https:\/\/museum.wiserighteous.org\/index.php\/the-roman-lorica-segmentata\/\" data-type=\"page\" data-id=\"707\">The Roman Lorica Segmentata<\/a>:<\/strong> The iron plate armor worn by soldiers in the time of the Apostle Paul.<\/li>\n\n\n\n<li><strong><a href=\"https:\/\/museum.wiserighteous.org\/index.php\/the-ancient-chinese-huxinjing\/\" data-type=\"page\" data-id=\"716\">The Ancient Chinese H\u00f9x\u012bnj\u00ecng<\/a> (\u8b77\u5fc3\u93e1):<\/strong> The bronze and silver &#8220;heart mirrors&#8221; from various dynasties, showing the decorative and protective focus on the chest.<\/li>\n\n\n\n<li><strong><a href=\"https:\/\/museum.wiserighteous.org\/index.php\/medieval-knights-plackart\/\" data-type=\"page\" data-id=\"723\">Medieval Knight\u2019s Plackart<\/a>:<\/strong> The heavy steel chest piece from the 15th century, illustrating how armor evolved to become &#8220;unbreakable.&#8221;<\/li>\n\n\n\n<li><strong><a href=\"https:\/\/museum.wiserighteous.org\/index.php\/modern-ballistic-vest\/\" data-type=\"page\" data-id=\"730\">Modern Ballistic Vest<\/a>:<\/strong> A contemporary tactical vest featuring advanced polymer fibers and ceramic trauma plates. This evolution of the breastplate represents the &#8220;Modern Sentinel&#8221;.<\/li>\n<\/ul>\n\n\n\n<p><\/p>\n","protected":false},"excerpt":{"rendered":"<p>Explore the Museum The Righteousness Museum presents stories of individuals and events that demonstrate moral courage, integrity, and the pursuit of justice. Across cultures and centuries, people have stood for what is right, often at great personal cost. Explore the museum through three major categories: Global Figures of Righteousness, Historical Events of Righteousness, and Modern [&hellip;]<\/p>\n","protected":false},"author":1,"featured_media":0,"parent":0,"menu_order":0,"comment_status":"closed","ping_status":"closed","template":"","meta":{"footnotes":""},"class_list":["post-75","page","type-page","status-publish","hentry"],"_links":{"self":[{"href":"https:\/\/museum.wiserighteous.org\/index.php\/wp-json\/wp\/v2\/pages\/75","targetHints":{"allow":["GET"]}}],"collection":[{"href":"https:\/\/museum.wiserighteous.org\/index.php\/wp-json\/wp\/v2\/pages"}],"about":[{"href":"https:\/\/museum.wiserighteous.org\/index.php\/wp-json\/wp\/v2\/types\/page"}],"author":[{"embeddable":true,"href":"https:\/\/museum.wiserighteous.org\/index.php\/wp-json\/wp\/v2\/users\/1"}],"replies":[{"embeddable":true,"href":"https:\/\/museum.wiserighteous.org\/index.php\/wp-json\/wp\/v2\/comments?post=75"}],"version-history":[{"count":9,"href":"https:\/\/museum.wiserighteous.org\/index.php\/wp-json\/wp\/v2\/pages\/75\/revisions"}],"predecessor-version":[{"id":781,"href":"https:\/\/museum.wiserighteous.org\/index.php\/wp-json\/wp\/v2\/pages\/75\/revisions\/781"}],"wp:attachment":[{"href":"https:\/\/museum.wiserighteous.org\/index.php\/wp-json\/wp\/v2\/media?parent=75"}],"curies":[{"name":"wp","href":"https:\/\/api.w.org\/{rel}","templated":true}]}}